{"id":43,"date":"2026-03-02T22:06:26","date_gmt":"2026-03-02T22:06:26","guid":{"rendered":"http:\/\/transoptima.pl\/?page_id=43"},"modified":"2026-03-03T21:57:05","modified_gmt":"2026-03-03T21:57:05","slug":"strona-glowna","status":"publish","type":"page","link":"http:\/\/transoptima.pl\/index.php\/strona-glowna\/","title":{"rendered":"STRONA G\u0141\u00d3WNA"},"content":{"rendered":"\n<div class=\"wp-block-columns is-layout-flex wp-container-core-columns-is-layout-9d6595d7 wp-block-columns-is-layout-flex\">\n<div class=\"wp-block-column is-vertically-aligned-center is-layout-flow wp-block-column-is-layout-flow\" style=\"flex-basis:33.33%\"><\/div>\n\n\n\n<div class=\"wp-block-column is-layout-flow wp-block-column-is-layout-flow\" style=\"flex-basis:66.66%\">\n<p class=\"has-text-align-right\"><strong><em>Obs\u0142ugujemy firmy produkcyjne, logistyczne i handlowe w modelu sta\u0142ej wsp\u00f3\u0142pracy<\/em><\/strong><\/p>\n<\/div>\n<\/div>\n\n\n\n<div class=\"wp-block-columns is-layout-flex wp-container-core-columns-is-layout-9d6595d7 wp-block-columns-is-layout-flex\">\n<div class=\"wp-block-column is-layout-flow wp-block-column-is-layout-flow\">\n<div class=\"wp-block-columns is-layout-flex wp-container-core-columns-is-layout-9d6595d7 wp-block-columns-is-layout-flex\">\n<div class=\"wp-block-column is-layout-flow wp-block-column-is-layout-flow\">\n<figure class=\"wp-block-image size-full\"><img loading=\"lazy\" decoding=\"async\" width=\"581\" height=\"225\" src=\"http:\/\/transoptima.pl\/wp-content\/uploads\/2026\/02\/nazwalogo.png\" alt=\"\" class=\"wp-image-9\" srcset=\"http:\/\/transoptima.pl\/wp-content\/uploads\/2026\/02\/nazwalogo.png 581w, http:\/\/transoptima.pl\/wp-content\/uploads\/2026\/02\/nazwalogo-300x116.png 300w\" sizes=\"auto, (max-width: 581px) 100vw, 581px\" \/><\/figure>\n<\/div>\n<\/div>\n<\/div>\n\n\n\n<div class=\"wp-block-column is-layout-flow wp-block-column-is-layout-flow\">\n<figure class=\"wp-block-gallery has-nested-images columns-default is-cropped wp-block-gallery-1 is-layout-flex wp-block-gallery-is-layout-flex\">\n<figure data-wp-context=\"{&quot;imageId&quot;:&quot;69d282ce563f9&quot;}\" data-wp-interactive=\"core\/image\" data-wp-key=\"69d282ce563f9\" class=\"wp-block-image size-full wp-lightbox-container\"><img loading=\"lazy\" decoding=\"async\" width=\"1536\" height=\"1024\" data-wp-class--hide=\"state.isContentHidden\" data-wp-class--show=\"state.isContentVisible\" data-wp-init=\"callbacks.setButtonStyles\" data-wp-on--click=\"actions.showLightbox\" data-wp-on--load=\"callbacks.setButtonStyles\" data-wp-on-window--resize=\"callbacks.setButtonStyles\" data-id=\"143\" src=\"http:\/\/transoptima.pl\/wp-content\/uploads\/2026\/03\/WhatsApp-Image-2026-03-03-at-10.24.41.jpeg\" alt=\"\" class=\"wp-image-143\" srcset=\"http:\/\/transoptima.pl\/wp-content\/uploads\/2026\/03\/WhatsApp-Image-2026-03-03-at-10.24.41.jpeg 1536w, http:\/\/transoptima.pl\/wp-content\/uploads\/2026\/03\/WhatsApp-Image-2026-03-03-at-10.24.41-300x200.jpeg 300w, http:\/\/transoptima.pl\/wp-content\/uploads\/2026\/03\/WhatsApp-Image-2026-03-03-at-10.24.41-1024x683.jpeg 1024w, http:\/\/transoptima.pl\/wp-content\/uploads\/2026\/03\/WhatsApp-Image-2026-03-03-at-10.24.41-768x512.jpeg 768w\" sizes=\"auto, (max-width: 1536px) 100vw, 1536px\" \/><button\n\t\t\tclass=\"lightbox-trigger\"\n\t\t\ttype=\"button\"\n\t\t\taria-haspopup=\"dialog\"\n\t\t\taria-label=\"Powi\u0119ksz\"\n\t\t\tdata-wp-init=\"callbacks.initTriggerButton\"\n\t\t\tdata-wp-on--click=\"actions.showLightbox\"\n\t\t\tdata-wp-style--right=\"state.imageButtonRight\"\n\t\t\tdata-wp-style--top=\"state.imageButtonTop\"\n\t\t>\n\t\t\t<svg xmlns=\"http:\/\/www.w3.org\/2000\/svg\" width=\"12\" height=\"12\" fill=\"none\" viewBox=\"0 0 12 12\">\n\t\t\t\t<path fill=\"#fff\" d=\"M2 0a2 2 0 0 0-2 2v2h1.5V2a.5.5 0 0 1 .5-.5h2V0H2Zm2 10.5H2a.5.5 0 0 1-.5-.5V8H0v2a2 2 0 0 0 2 2h2v-1.5ZM8 12v-1.5h2a.5.5 0 0 0 .5-.5V8H12v2a2 2 0 0 1-2 2H8Zm2-12a2 2 0 0 1 2 2v2h-1.5V2a.5.5 0 0 0-.5-.5H8V0h2Z\" \/>\n\t\t\t<\/svg>\n\t\t<\/button><\/figure>\n<\/figure>\n<\/div>\n<\/div>\n\n\n\n<figure class=\"wp-block-gallery has-nested-images columns-default is-cropped wp-block-gallery-2 is-layout-flex wp-block-gallery-is-layout-flex\">\n<figure class=\"wp-block-image size-large\"><img loading=\"lazy\" decoding=\"async\" width=\"919\" height=\"619\" data-id=\"122\" src=\"http:\/\/transoptima.pl\/wp-content\/uploads\/2026\/03\/rolka3.png\" alt=\"\" class=\"wp-image-122\" srcset=\"http:\/\/transoptima.pl\/wp-content\/uploads\/2026\/03\/rolka3.png 919w, http:\/\/transoptima.pl\/wp-content\/uploads\/2026\/03\/rolka3-300x202.png 300w, http:\/\/transoptima.pl\/wp-content\/uploads\/2026\/03\/rolka3-768x517.png 768w\" sizes=\"auto, (max-width: 919px) 100vw, 919px\" \/><\/figure>\n\n\n\n<figure class=\"wp-block-image size-large\"><img loading=\"lazy\" decoding=\"async\" width=\"920\" height=\"620\" data-id=\"124\" src=\"http:\/\/transoptima.pl\/wp-content\/uploads\/2026\/03\/rolka5.png\" alt=\"\" class=\"wp-image-124\" srcset=\"http:\/\/transoptima.pl\/wp-content\/uploads\/2026\/03\/rolka5.png 920w, http:\/\/transoptima.pl\/wp-content\/uploads\/2026\/03\/rolka5-300x202.png 300w, http:\/\/transoptima.pl\/wp-content\/uploads\/2026\/03\/rolka5-768x518.png 768w\" sizes=\"auto, (max-width: 920px) 100vw, 920px\" \/><\/figure>\n\n\n\n<figure class=\"wp-block-image size-large\"><img loading=\"lazy\" decoding=\"async\" width=\"925\" height=\"620\" data-id=\"125\" src=\"http:\/\/transoptima.pl\/wp-content\/uploads\/2026\/03\/rolka6.png\" alt=\"\" class=\"wp-image-125\" srcset=\"http:\/\/transoptima.pl\/wp-content\/uploads\/2026\/03\/rolka6.png 925w, http:\/\/transoptima.pl\/wp-content\/uploads\/2026\/03\/rolka6-300x201.png 300w, http:\/\/transoptima.pl\/wp-content\/uploads\/2026\/03\/rolka6-768x515.png 768w\" sizes=\"auto, (max-width: 925px) 100vw, 925px\" \/><\/figure>\n\n\n\n<figure class=\"wp-block-image size-large\"><img loading=\"lazy\" decoding=\"async\" width=\"925\" height=\"617\" data-id=\"126\" src=\"http:\/\/transoptima.pl\/wp-content\/uploads\/2026\/03\/rolka7.png\" alt=\"\" class=\"wp-image-126\" srcset=\"http:\/\/transoptima.pl\/wp-content\/uploads\/2026\/03\/rolka7.png 925w, http:\/\/transoptima.pl\/wp-content\/uploads\/2026\/03\/rolka7-300x200.png 300w, http:\/\/transoptima.pl\/wp-content\/uploads\/2026\/03\/rolka7-768x512.png 768w\" sizes=\"auto, (max-width: 925px) 100vw, 925px\" \/><\/figure>\n\n\n\n<figure class=\"wp-block-image size-large\"><img loading=\"lazy\" decoding=\"async\" width=\"924\" height=\"621\" data-id=\"127\" src=\"http:\/\/transoptima.pl\/wp-content\/uploads\/2026\/03\/rolka8.png\" alt=\"\" class=\"wp-image-127\" srcset=\"http:\/\/transoptima.pl\/wp-content\/uploads\/2026\/03\/rolka8.png 924w, http:\/\/transoptima.pl\/wp-content\/uploads\/2026\/03\/rolka8-300x202.png 300w, http:\/\/transoptima.pl\/wp-content\/uploads\/2026\/03\/rolka8-768x516.png 768w\" sizes=\"auto, (max-width: 924px) 100vw, 924px\" \/><\/figure>\n\n\n\n<figure class=\"wp-block-image size-large\"><img loading=\"lazy\" decoding=\"async\" width=\"922\" height=\"619\" data-id=\"128\" src=\"http:\/\/transoptima.pl\/wp-content\/uploads\/2026\/03\/rolka9.png\" alt=\"\" class=\"wp-image-128\" srcset=\"http:\/\/transoptima.pl\/wp-content\/uploads\/2026\/03\/rolka9.png 922w, http:\/\/transoptima.pl\/wp-content\/uploads\/2026\/03\/rolka9-300x201.png 300w, http:\/\/transoptima.pl\/wp-content\/uploads\/2026\/03\/rolka9-768x516.png 768w\" sizes=\"auto, (max-width: 922px) 100vw, 922px\" \/><\/figure>\n\n\n\n<figure class=\"wp-block-image size-large\"><img loading=\"lazy\" decoding=\"async\" width=\"925\" height=\"621\" data-id=\"76\" src=\"http:\/\/transoptima.pl\/wp-content\/uploads\/2026\/02\/rolka4.png\" alt=\"\" class=\"wp-image-76\" srcset=\"http:\/\/transoptima.pl\/wp-content\/uploads\/2026\/02\/rolka4.png 925w, http:\/\/transoptima.pl\/wp-content\/uploads\/2026\/02\/rolka4-300x201.png 300w, http:\/\/transoptima.pl\/wp-content\/uploads\/2026\/02\/rolka4-768x516.png 768w\" sizes=\"auto, (max-width: 925px) 100vw, 925px\" \/><\/figure>\n<\/figure>\n\n\n\n<p><\/p>\n","protected":false},"excerpt":{"rendered":"<p>Obs\u0142ugujemy firmy produkcyjne, logistyczne i handlowe w modelu sta\u0142ej wsp\u00f3\u0142pracy<\/p>\n","protected":false},"author":1,"featured_media":0,"parent":0,"menu_order":0,"comment_status":"closed","ping_status":"closed","template":"","meta":{"footnotes":""},"class_list":["post-43","page","type-page","status-publish","hentry"],"_links":{"self":[{"href":"http:\/\/transoptima.pl\/index.php\/wp-json\/wp\/v2\/pages\/43","targetHints":{"allow":["GET"]}}],"collection":[{"href":"http:\/\/transoptima.pl\/index.php\/wp-json\/wp\/v2\/pages"}],"about":[{"href":"http:\/\/transoptima.pl\/index.php\/wp-json\/wp\/v2\/types\/page"}],"author":[{"embeddable":true,"href":"http:\/\/transoptima.pl\/index.php\/wp-json\/wp\/v2\/users\/1"}],"replies":[{"embeddable":true,"href":"http:\/\/transoptima.pl\/index.php\/wp-json\/wp\/v2\/comments?post=43"}],"version-history":[{"count":13,"href":"http:\/\/transoptima.pl\/index.php\/wp-json\/wp\/v2\/pages\/43\/revisions"}],"predecessor-version":[{"id":150,"href":"http:\/\/transoptima.pl\/index.php\/wp-json\/wp\/v2\/pages\/43\/revisions\/150"}],"wp:attachment":[{"href":"http:\/\/transoptima.pl\/index.php\/wp-json\/wp\/v2\/media?parent=43"}],"curies":[{"name":"wp","href":"https:\/\/api.w.org\/{rel}","templated":true}]}}